{"id":26135,"date":"2023-05-12T10:47:38","date_gmt":"2023-05-12T08:47:38","guid":{"rendered":"https:\/\/www.apartamentosestop.com\/?page_id=26135"},"modified":"2023-05-12T10:53:10","modified_gmt":"2023-05-12T08:53:10","slug":"places-to-visit","status":"publish","type":"page","link":"https:\/\/www.apartamentosestop.com\/en\/places-to-visit\/","title":{"rendered":"Places to visit"},"content":{"rendered":"[vc_row type=&#8221;in_container&#8221; full_screen_row_position=&#8221;middle&#8221; column_margin=&#8221;default&#8221; column_direction=&#8221;default&#8221; column_direction_tablet=&#8221;default&#8221; column_direction_phone=&#8221;default&#8221; scene_position=&#8221;center&#8221; text_color=&#8221;dark&#8221; text_align=&#8221;left&#8221; row_border_radius=&#8221;none&#8221; row_border_radius_applies=&#8221;bg&#8221; overlay_strength=&#8221;0.3&#8243; gradient_direction=&#8221;left_to_right&#8221; shape_divider_position=&#8221;bottom&#8221; bg_image_animation=&#8221;none&#8221; shape_type=&#8221;&#8221;][vc_column column_padding=&#8221;no-extra-padding&#8221; column_padding_tablet=&#8221;inherit&#8221; column_padding_phone=&#8221;inherit&#8221; column_padding_position=&#8221;all&#8221; background_color_opacity=&#8221;1&#8243; background_hover_color_opacity=&#8221;1&#8243; column_shadow=&#8221;none&#8221; column_border_radius=&#8221;none&#8221; column_link_target=&#8221;_self&#8221; gradient_direction=&#8221;left_to_right&#8221; overlay_strength=&#8221;0.3&#8243; width=&#8221;1\/1&#8243; tablet_width_inherit=&#8221;default&#8221; tablet_text_alignment=&#8221;default&#8221; phone_text_alignment=&#8221;default&#8221; column_border_width=&#8221;none&#8221; column_border_style=&#8221;solid&#8221; bg_image_animation=&#8221;none&#8221;]<div data-midnight=\"nectar-slider\" class=\"parallax_slider_outer \"><div  data-transition=\"slide\" data-overall_style=\"classic\" data-flexible-height=\"\" data-animate-in-effect=\"none\" data-fullscreen=\"true\" data-button-sizing=\"regular\" data-button-styling=\"btn_with_count\" data-autorotate=\"\" data-parallax=\"true\" data-parallax-disable-mobile=\"\" data-caption-trans=\"fade_in_from_bottom\" data-parallax-style=\"bg_only\" data-bg-animation=\"none\" data-full-width=\"true\" class=\"nectar-slider-wrap \" id=\"nectar-slider-instance-1\"><div class=\"swiper-container\"  data-tho=\"auto\" data-tco=\"auto\" data-pho=\"auto\" data-pco=\"auto\" data-loop=\"false\" data-height=\"650\" data-min-height=\"\" data-arrows=\"false\" data-bullets=\"false\" data-bullet_style=\"see_through\" data-bullet_position=\"bottom\" data-desktop-swipe=\"false\" data-settings=\"\"> <div class=\"swiper-wrapper\"><div class=\"swiper-slide\" data-desktop-content-width=\"auto\" data-tablet-content-width=\"auto\" data-bg-alignment=\"center\" data-color-scheme=\"light\" data-x-pos=\"centered\" data-y-pos=\"middle\" ><div class=\"slide-bg-wrap\"><div class=\"image-bg\" style=\"background-image: url(https:\/\/www.apartamentosestop.com\/wp-content\/uploads\/2023\/05\/estop_benasque2.jpeg);\"> &nbsp; <\/div><\/div><div class=\"container\">\n\t\t\t\t\t\t<div class=\"content\"><h2>PLACES TO VISIT<\/h2><\/div>\n\t\t\t\t\t\t\t\t<\/div><!--\/container--><a href=\"#\" class=\"slider-down-arrow\"><i class=\"icon-salient-down-arrow icon-default-style\"> <span class=\"ie-fix\"><\/span> <\/i><\/a><div class=\"video-texture \"> <span class=\"ie-fix\"><\/span> <\/div><\/div> <!--\/swiper-slide--><\/div><div class=\"nectar-slider-loading \"> <span class=\"loading-icon none\">   <\/span> <\/div> <\/div> \n\t\t\t\t\t\n\t\t\t\t\t<\/div><\/div>[\/vc_column][\/vc_row][vc_row type=&#8221;in_container&#8221; full_screen_row_position=&#8221;middle&#8221; column_margin=&#8221;default&#8221; column_direction=&#8221;default&#8221; column_direction_tablet=&#8221;default&#8221; column_direction_phone=&#8221;default&#8221; scene_position=&#8221;center&#8221; top_padding=&#8221;4%&#8221; bottom_padding=&#8221;0%&#8221; text_color=&#8221;dark&#8221; text_align=&#8221;left&#8221; row_border_radius=&#8221;none&#8221; row_border_radius_applies=&#8221;bg&#8221; overlay_strength=&#8221;0.3&#8243; gradient_direction=&#8221;left_to_right&#8221; shape_divider_position=&#8221;bottom&#8221; bg_image_animation=&#8221;none&#8221; shape_type=&#8221;&#8221;][vc_column column_padding=&#8221;no-extra-padding&#8221; column_padding_tablet=&#8221;inherit&#8221; column_padding_phone=&#8221;inherit&#8221; column_padding_position=&#8221;all&#8221; background_color_opacity=&#8221;1&#8243; background_hover_color_opacity=&#8221;1&#8243; column_shadow=&#8221;none&#8221; column_border_radius=&#8221;none&#8221; column_link_target=&#8221;_self&#8221; gradient_direction=&#8221;left_to_right&#8221; overlay_strength=&#8221;0.3&#8243; width=&#8221;1\/1&#8243; tablet_width_inherit=&#8221;default&#8221; tablet_text_alignment=&#8221;default&#8221; phone_text_alignment=&#8221;default&#8221; column_border_width=&#8221;none&#8221; column_border_style=&#8221;solid&#8221; bg_image_animation=&#8221;none&#8221;][vc_row_inner column_margin=&#8221;none&#8221; column_direction=&#8221;default&#8221; column_direction_tablet=&#8221;default&#8221; column_direction_phone=&#8221;default&#8221; bottom_padding=&#8221;7%&#8221; text_align=&#8221;left&#8221;][vc_column_inner column_padding=&#8221;no-extra-padding&#8221; column_padding_tablet=&#8221;inherit&#8221; column_padding_phone=&#8221;inherit&#8221; column_padding_position=&#8221;all&#8221; background_color_opacity=&#8221;1&#8243; background_hover_color_opacity=&#8221;1&#8243; column_shadow=&#8221;none&#8221; column_border_radius=&#8221;none&#8221; column_link_target=&#8221;_self&#8221; gradient_direction=&#8221;left_to_right&#8221; overlay_strength=&#8221;0.3&#8243; width=&#8221;1\/1&#8243; tablet_width_inherit=&#8221;default&#8221; column_border_width=&#8221;none&#8221; column_border_style=&#8221;solid&#8221; bg_image_animation=&#8221;none&#8221;][split_line_heading animation_type=&#8221;line-reveal-by-space&#8221; font_style=&#8221;h2&#8243; text_content=&#8221;What to see near our accommodation.&#8221; max_width=&#8221;550&#8243;]\n<h2><\/h2>\n[\/split_line_heading][\/vc_column_inner][\/vc_row_inner][vc_row_inner column_margin=&#8221;80px&#8221; column_direction=&#8221;default&#8221; column_direction_tablet=&#8221;default&#8221; column_direction_phone=&#8221;default&#8221; text_align=&#8221;left&#8221;][vc_column_inner column_padding=&#8221;padding-4-percent&#8221; column_padding_tablet=&#8221;inherit&#8221; column_padding_phone=&#8221;inherit&#8221; column_padding_position=&#8221;top-bottom&#8221; background_color_opacity=&#8221;1&#8243; background_hover_color_opacity=&#8221;1&#8243; column_shadow=&#8221;none&#8221; column_border_radius=&#8221;none&#8221; column_link_target=&#8221;_self&#8221; gradient_direction=&#8221;left_to_right&#8221; overlay_strength=&#8221;0.3&#8243; width=&#8221;1\/3&#8243; tablet_width_inherit=&#8221;default&#8221; column_border_width=&#8221;none&#8221; column_border_style=&#8221;solid&#8221; bg_image_animation=&#8221;none&#8221; enable_animation=&#8221;true&#8221; animation=&#8221;fade-in-from-bottom&#8221; delay=&#8221;50&#8243;][team_member image_url=&#8221;26139&#8243; bio_alt_image_url=&#8221;26139&#8243; team_memeber_style=&#8221;bio_fullscreen_alt&#8221; image_loading=&#8221;lazy-load&#8221; name=&#8221;6 Kilometres away&#8221; job_position=&#8221;Valle de Benasque&#8221; team_member_mini_bio=&#8221;Benasque occupies the central valley of the three that make up the Posets-Maladeta Natural Park, a magnificent example of the Pyrenean landscape where the highest peaks of the whole Pyrenees will remain forever etched in your memory.&#8221; team_member_bio=&#8221;Benasque occupies the central valley of the three that make up the Posets-Maladeta Natural Park, a magnificent example of the Pyrenean landscape where the highest peaks of the whole Pyrenees will remain forever etched in your memory.<\/p>\n<p>The nerve centre of the valley is the village of Benasque. As well as a beautiful town centre, here you will find all kinds of tourist services, from shops to hotels and restaurants.<\/p>\n<p>If you&#8217;re in the mood for snow, head for the Aram\u00f3n Cerler ski resort, very close to Benasque. At Llanos del Hospital you can go cross-country, Nordic and cross-country skiing, and in summer you can enjoy the walks.<\/p>\n<p>But without a doubt, the best way to get to know this paradisiacal valley is to walk along its many trails. If you are not in very good physical shape, don&#8217;t worry, as there are routes adapted to all ages and levels of fitness. Thanks to them you will be able to experience nature in its purest form. We especially recommend the famous excursion that will take you to the beautiful Forau D&#8217;Aiguallut waterfall.<\/p>\n<p>In the vicinity of Benasque, it is worth taking a stroll around the small village of Anciles and admiring its beautiful ancestral homes. Eriste, also nearby, is a good starting point for approaching the Posets massif, the second highest peak in the Pyrenees. At its feet you will find the valley of the Ibones, with the lake of Las Alforjas, the Ib\u00f3n de Posets or the lake of La Plana as reference points. The part of Escarpinosa (with the Escarpinosa lake and the lakes of Batisielles and Aig\u00fceta de Batisielles) and Perram\u00f3, the boundary between the Est\u00f3s and Eriste valleys, offers incredible landscapes.<br \/>\nThe easternmost section of the Benasque valley is full of mountain lakes. The valley is crowned by the Aneto, the second highest peak on the Peninsula, and the Maladeta. It is precisely here where some of the last ice tongues of the Aragonese Pyrenees are found, protected under the denomination of Natural Monument of the Pyrenean Glaciers. They are the southernmost glaciers on the European continent.<br \/>\nMake the most of your visit to the Benasque valley to see Graus and the Buddhist temple of Panillo. In the nearby Is\u00e1bena valley are hidden two authentic Romanesque gems: the monastery of Obarra and the cathedral of Roda de Is\u00e1bena, and a little further east is the valley of the river Noguera Ribagorzana, the natural border between Aragon and Catalonia, where the magnificent medieval village of Monta\u00f1ana stands.&#8221; social_icon_1=&#8221;fa fa-facebook&#8221; social_link_1=&#8221;https:\/\/www.facebook.com\/apartamentos.estop\/&#8221; social_icon_2=&#8221;fa fa-instagram&#8221; social_link_2=&#8221;https:\/\/www.instagram.com\/apartamentosestop\/?hl=es&#8221;][divider line_type=&#8221;No Line&#8221; custom_height=&#8221;30&#8243;][team_member image_url=&#8221;26147&#8243; bio_alt_image_url=&#8221;26147&#8243; team_memeber_style=&#8221;bio_fullscreen_alt&#8221; image_loading=&#8221;lazy-load&#8221; name=&#8221;32 Kilometres away&#8221; job_position=&#8221;A\u00ednsa&#8221; team_member_mini_bio=&#8221;The mediaeval town of A\u00ednsa is located at the confluence of the Ara and Cinca rivers, under the watchful eye of Pe\u00f1a Monta\u00f1esa.&#8221; team_member_bio=&#8221;The mediaeval town of A\u00ednsa is located at the confluence of the Ara and Cinca rivers, under the watchful eye of Pe\u00f1a Monta\u00f1esa.<br \/>\nIn its old quarter, time seems to have stopped in the Middle Ages, and it is not in vain that it is listed as a Historic-Artistic Site.<br \/>\nThe focal point of the town is its porticoed main square where, on the first Sunday in September of even-numbered years, the triumph of the armies of King Garc\u00eda Ximenez over the powerful Saracen army is commemorated, with the help of divine intercession in the form of a cross. This re-enactment is known as La Morisma.<br \/>\nIn the background stands the Romanesque church of Santa Mar\u00eda, considered to be one of the best examples of Romanesque architecture in Alto Arag\u00f3n. Don&#8217;t miss its beautiful cloister, where Romanesque and Gothic styles come together.<br \/>\nContinue your visit by walking around the remains of its castle. In this beautiful setting, the A\u00ednsa Castle International Music Festival is held every summer. Complete your visit with the Ecomuseum of Pyrenean Fauna, located in the castle&#8217;s keep.<br \/>\nHiking and nature lovers can follow the route that runs between A\u00ednsa and Bolta\u00f1a.&#8221; social_icon_1=&#8221;fa fa-facebook&#8221; social_link_1=&#8221;https:\/\/www.facebook.com\/apartamentos.estop\/&#8221; social_icon_2=&#8221;fa fa-instagram&#8221; social_link_2=&#8221;https:\/\/www.instagram.com\/apartamentosestop\/?hl=es&#8221;][\/vc_column_inner][vc_column_inner column_padding=&#8221;no-extra-padding&#8221; column_padding_tablet=&#8221;inherit&#8221; column_padding_phone=&#8221;inherit&#8221; column_padding_position=&#8221;all&#8221; background_color_opacity=&#8221;1&#8243; background_hover_color_opacity=&#8221;1&#8243; column_shadow=&#8221;none&#8221; column_border_radius=&#8221;none&#8221; column_link_target=&#8221;_self&#8221; gradient_direction=&#8221;left_to_right&#8221; overlay_strength=&#8221;0.3&#8243; width=&#8221;1\/3&#8243; tablet_width_inherit=&#8221;default&#8221; column_border_width=&#8221;none&#8221; column_border_style=&#8221;solid&#8221; bg_image_animation=&#8221;none&#8221; enable_animation=&#8221;true&#8221; animation=&#8221;fade-in-from-bottom&#8221;][team_member image_url=&#8221;26083&#8243; bio_alt_image_url=&#8221;26083&#8243; team_memeber_style=&#8221;bio_fullscreen_alt&#8221; image_loading=&#8221;lazy-load&#8221; name=&#8221;9 Kilometres away&#8221; job_position=&#8221;Parque Natural Posets &#8211; Madaleta&#8221; team_member_mini_bio=&#8221;The highest peaks in the Park, the Aneto (3,404 m) and the Posets or Llardana (3,369 m), are the highest in Aragon and in the Pyrenees mountain range. Together with the Pico Maldito, the Maladeta and the Perdiguero, they constitute a real paradise for mountaineers.&#8221; team_member_bio=&#8221;In the easternmost part of the Aragonese Pyrenees, at the head of the valleys of Chistau, Benasque and Barrab\u00e9s, is the Natural Park that best represents the purity and harshness of the high mountains.<br \/>\nThe Park, which includes the municipalities of Gista\u00edn, San Juan de Plan, Sah\u00fan, Benasque and Montanuy, offers endless possibilities for hiking, mountaineering, skiing and climbing, which facilitates a consolidated hotel offer, several mountain refuges and an extensive network of signposted trails.<br \/>\nThe highest peaks in the Park, the Aneto (3,404 m) and the Posets or Llardana (3,369 m), are the highest in Aragon and in the Pyrenees mountain range. Together with the Pico Maldito, the Maladeta and the Perdiguero, they constitute a real paradise for mountaineers.<br \/>\nIn this park you will have the privilege of contemplating more than a hundred lakes of glacial origin with bluish waters (known in Aragon as ibones), impressive waterfalls and a good number of icefields.<br \/>\nToday, the last ice tongues of the Aragonese Pyrenees are protected under the denomination of Natural Monument of the Pyrenean Glaciers, being the southernmost permanent glaciers in the European continent.<br \/>\nSome of the best-known hiking routes in the Posets-Maladeta Natural Park are those that run along the GR 11 long-distance footpath. The route of the three refuges (Est\u00f3s, Viad\u00f3s and \u00c1ngel Or\u00fas), located around Posets, allows you to contemplate all the faces of this colossal massif. We especially recommend the excursion that will take you to the Forau de Aig\u00fcalluts waterfall, a simple route that is ideal for children.&#8221; social_icon_1=&#8221;fa fa-facebook&#8221; social_link_1=&#8221;https:\/\/www.facebook.com\/apartamentos.estop\/&#8221; social_icon_2=&#8221;fa fa-instagram&#8221; social_link_2=&#8221;https:\/\/www.instagram.com\/apartamentosestop\/?hl=es&#8221;][divider line_type=&#8221;No Line&#8221; custom_height=&#8221;30&#8243;][team_member image_url=&#8221;26150&#8243; bio_alt_image_url=&#8221;26150&#8243; team_memeber_style=&#8221;bio_fullscreen_alt&#8221; image_loading=&#8221;lazy-load&#8221; name=&#8221;36 Kilometres away&#8221; job_position=&#8221;Parque Nacional de Ordesa y Monte Perdido&#8221; team_member_mini_bio=&#8221;The Ordesa y Monte Perdido National Park is the true heart of the Pyrenees and one of the first protected natural areas in Europe.&#8221; team_member_bio=&#8221;The Ordesa y Monte Perdido National Park is the true heart of the Pyrenees and one of the first protected natural areas in Europe.<br \/>\nThe Ordesa Valley is the soul of the park. Walking along its paths, blending in with the surroundings, is an experience that will remain in your memory forever.<br \/>\nThousands of people from all over the world come here, at any time of the year, to admire wonders such as the Tozal del Mallo, the Estrecho waterfall, the Gradas de Soaso or the Bosque de las Hayas. There are an infinite number of excursions and ascents that you can do in this valley at any time of the year. The one that takes you to the Cola de Caballo waterfall is a classic, as its beauty and ease make it suitable for everyone.<br \/>\nVultures, eagles, bearded vultures, bearded vultures, bearded vultures and marmots coexist in dense beech and pine forests; clear rivers and lakes, high mountain meadows and dizzying rocky outcrops.<br \/>\nAt the entrance to the Ordesa Valley lies Torla, a charming, typically Pyrenean village that provides visitors to the Park with all the services they need to enjoy their stay.<br \/>\nThe A\u00f1isclo Canyon, which can be reached from Escalona, is like a deep gorge that cuts through the mountain from north to south.<br \/>\nThe Escua\u00edn Gorges, which you can reach from the village of the same name, are another example of the power of nature. Escua\u00edn is the smallest of the four valleys that make up the national park and, possibly, the least visited; however, the beauty of its gorges is certainly worth a visit. Moreover, from here you will be able to observe various protected bird species.<br \/>\nThe Pineta valley is a peaceful and bucolic valley with the typical U-shaped profile of glacial origin. Surrounded by powerful ridges and wooded slopes, it ends before the mass of the Three Sorores: Monte Perdido, the Cilindro de Marbor\u00e9 and the Soum de Ramond, which will force you to look up to over 3,000 metres. This valley is accessed via Bielsa, famous for its carnival, the most popular and traditional in Alto Arag\u00f3n.&#8221; social_icon_1=&#8221;fa fa-facebook&#8221; social_link_1=&#8221;https:\/\/www.facebook.com\/apartamentos.estop\/&#8221; social_icon_2=&#8221;fa fa-instagram&#8221; social_link_2=&#8221;https:\/\/www.instagram.com\/apartamentosestop\/?hl=es&#8221;][\/vc_column_inner][vc_column_inner column_padding=&#8221;padding-4-percent&#8221; column_padding_tablet=&#8221;inherit&#8221; column_padding_phone=&#8221;inherit&#8221; column_padding_position=&#8221;top-bottom&#8221; background_color_opacity=&#8221;1&#8243; background_hover_color_opacity=&#8221;1&#8243; column_shadow=&#8221;none&#8221; column_border_radius=&#8221;none&#8221; column_link_target=&#8221;_self&#8221; gradient_direction=&#8221;left_to_right&#8221; overlay_strength=&#8221;0.3&#8243; width=&#8221;1\/3&#8243; tablet_width_inherit=&#8221;default&#8221; column_border_width=&#8221;none&#8221; column_border_style=&#8221;solid&#8221; bg_image_animation=&#8221;none&#8221; enable_animation=&#8221;true&#8221; animation=&#8221;fade-in-from-bottom&#8221; delay=&#8221;100&#8243;][team_member image_url=&#8221;26143&#8243; bio_alt_image_url=&#8221;26143&#8243; team_memeber_style=&#8221;bio_fullscreen_alt&#8221; image_loading=&#8221;lazy-load&#8221; name=&#8221;30 Kilometres away&#8221; job_position=&#8221;Centro de interpretaci\u00f3n del rom\u00e1nico&#8221; team_member_mini_bio=&#8221;This interpretation area provides visitors with the initial keys to getting to know and understanding the group of Romanesque churches in the Vall de Bo\u00ed.&#8221; team_member_bio=&#8221;This interpretation area provides visitors with the initial keys to getting to know and understanding the group of Romanesque churches in the Vall de Bo\u00ed.<br \/>\nYou can discover in a pleasant way how the Romanesque style arrived here, where its iconography comes from, what medieval society was like, what techniques were used in the construction and decoration of the churches, the appearance of these temples at the beginning of the 20th century and finally the voices of the past explain their link with the Romanesque heritage of the Vall de Bo\u00ed.&#8221; social_icon_1=&#8221;fa fa-facebook&#8221; social_link_1=&#8221;https:\/\/www.facebook.com\/apartamentos.estop\/&#8221; social_icon_2=&#8221;fa fa-instagram&#8221; social_link_2=&#8221;https:\/\/www.instagram.com\/apartamentosestop\/?hl=es&#8221;][divider line_type=&#8221;No Line&#8221; custom_height=&#8221;30&#8243;][team_member image_url=&#8221;26154&#8243; bio_alt_image_url=&#8221;26154&#8243; team_memeber_style=&#8221;bio_fullscreen_alt&#8221; image_loading=&#8221;lazy-load&#8221; name=&#8221;58 Kilometres away&#8221; job_position=&#8221;Alquezar&#8221; team_member_mini_bio=&#8221;Declared a Historic-Artistic Site, the town of Alqu\u00e9zar invites you to go back in time through a relaxing tour of its narrow cobbled streets and most emblematic corners.&#8221; team_member_bio=&#8221;Declared a Historic-Artistic Site, the town of Alqu\u00e9zar invites you to go back in time through a relaxing tour of its narrow cobbled streets and most emblematic corners.<br \/>\nIts hamlet spreads out at the foot of its castle of Islamic origin, converted into a collegiate church after the Christian reconquest, while the river Vero crosses its last canyon before opening out into the valley.<br \/>\nDedicated to Santa Mar\u00eda, in the monumental collegiate church you can contemplate the traces that the different artistic currents have left over the centuries.<br \/>\nSome sections of the walls, the watchtower, the ruins of a quadrangular tower and some fragments of the Romanesque church integrated into the magnificent 14th century cloister remain from the 11th century. Note the beautiful historiated capitals and the paintings that decorate the cloister walls (16th century).<br \/>\nYour visit to the town will not be complete if you do not go to the Plaza Mayor &#8211; one of the most charming places in the town &#8211; or enter the Casa Fabi\u00e1n Ethnological Museum, located in a typical 17th-century Somontano house.<br \/>\nTo enjoy one of the most beautiful panoramic views of the town, go to the &#8216;Sonrisa del Viento&#8217; viewpoint.<br \/>\nBeing part of the Sierra y Ca\u00f1ones de Guara Nature Reserve, Alqu\u00e9zar is also an ideal destination to enjoy nature, adventure sports (hiking, climbing, canyoning&#8230;) and cave art. If you want to discover the beautiful corners of the river Vero as it passes through the town, you can walk the simple route of the Alqu\u00e9zar footbridges, ideal for the whole family.&#8221; social_icon_1=&#8221;fa fa-facebook&#8221; social_link_1=&#8221;https:\/\/www.facebook.com\/apartamentos.estop\/&#8221; social_icon_2=&#8221;fa fa-instagram&#8221; social_link_2=&#8221;https:\/\/www.instagram.com\/apartamentosestop\/?hl=es&#8221;][\/vc_column_inner][\/vc_row_inner][\/vc_column][\/vc_row]\n","protected":false},"excerpt":{"rendered":"<p>[vc_row type=&#8221;in_container&#8221; full_screen_row_position=&#8221;middle&#8221; column_margin=&#8221;default&#8221; column_direction=&#8221;default&#8221; column_direction_tablet=&#8221;default&#8221; column_direction_phone=&#8221;default&#8221; scene_position=&#8221;center&#8221; text_color=&#8221;dark&#8221; text_align=&#8221;left&#8221; row_border_radius=&#8221;none&#8221; row_border_radius_applies=&#8221;bg&#8221; overlay_strength=&#8221;0.3&#8243; gradient_direction=&#8221;left_to_right&#8221; shape_divider_position=&#8221;bottom&#8221; bg_image_animation=&#8221;none&#8221; shape_type=&#8221;&#8221;][vc_column column_padding=&#8221;no-extra-padding&#8221; column_padding_tablet=&#8221;inherit&#8221; column_padding_phone=&#8221;inherit&#8221; column_padding_position=&#8221;all&#8221; background_color_opacity=&#8221;1&#8243; background_hover_color_opacity=&#8221;1&#8243; column_shadow=&#8221;none&#8221; column_border_radius=&#8221;none&#8221; column_link_target=&#8221;_self&#8221; gradient_direction=&#8221;left_to_right&#8221; overlay_strength=&#8221;0.3&#8243; width=&#8221;1\/1&#8243; tablet_width_inherit=&#8221;default&#8221;&#8230;<\/p>\n","protected":false},"author":3,"featured_media":0,"parent":0,"menu_order":0,"comment_status":"closed","ping_status":"closed","template":"","meta":[],"_links":{"self":[{"href":"https:\/\/www.apartamentosestop.com\/en\/wp-json\/wp\/v2\/pages\/26135"}],"collection":[{"href":"https:\/\/www.apartamentosestop.com\/en\/wp-json\/wp\/v2\/pages"}],"about":[{"href":"https:\/\/www.apartamentosestop.com\/en\/wp-json\/wp\/v2\/types\/page"}],"author":[{"embeddable":true,"href":"https:\/\/www.apartamentosestop.com\/en\/wp-json\/wp\/v2\/users\/3"}],"replies":[{"embeddable":true,"href":"https:\/\/www.apartamentosestop.com\/en\/wp-json\/wp\/v2\/comments?post=26135"}],"version-history":[{"count":5,"href":"https:\/\/www.apartamentosestop.com\/en\/wp-json\/wp\/v2\/pages\/26135\/revisions"}],"predecessor-version":[{"id":26200,"href":"https:\/\/www.apartamentosestop.com\/en\/wp-json\/wp\/v2\/pages\/26135\/revisions\/26200"}],"wp:attachment":[{"href":"https:\/\/www.apartamentosestop.com\/en\/wp-json\/wp\/v2\/media?parent=26135"}],"curies":[{"name":"wp","href":"https:\/\/api.w.org\/{rel}","templated":true}]}}